{"id":640,"date":"2023-10-03T15:24:27","date_gmt":"2023-10-03T12:24:27","guid":{"rendered":"https:\/\/hanaluminyum.com.tr\/?page_id=640"},"modified":"2023-10-03T15:27:21","modified_gmt":"2023-10-03T12:27:21","slug":"cevre-politikamiz","status":"publish","type":"page","link":"https:\/\/hanaluminyum.com.tr\/?page_id=640","title":{"rendered":"\u00c7evre Politikam\u0131z"},"content":{"rendered":"<p>HAN Al\u00fcminyum olarak, t\u00fcm faaliyetlerimizi a\u015fa\u011f\u0131daki temel ilkelere g\u00f6re ger\u00e7ekle\u015ftiririz:<\/p>\n<p>\u00c7evre ile ilgili t\u00fcm yasal ve di\u011fer uygunluk y\u00fck\u00fcml\u00fcl\u00fcklerimizi yerine getiririz.<\/p>\n<p>Faaliyetlerimizi ger\u00e7ekle\u015ftirirken s\u00fcrd\u00fcr\u00fclebilir kalk\u0131nma ve kirlili\u011fin kayna\u011f\u0131nda \u00f6nlenmesi ilkelerini benimseriz.<\/p>\n<p>Faaliyetlerimiz sonucu olu\u015fan at\u0131klar\u0131 m\u00fcmk\u00fcn oldu\u011fu kadar kayna\u011f\u0131nda azaltarak; at\u0131klar\u0131n do\u011faya zarar vermeyecek \u015fekilde geri d\u00f6n\u00fc\u015f\u00fcm\u00fcn\u00fc, geri kazan\u0131m\u0131n\u0131 ve bertaraf\u0131n\u0131 sa\u011flar\u0131z.<\/p>\n<p>En \u00f6nemli do\u011fal kaynaklar\u0131m\u0131zdan olan suyu verimli kullanarak faaliyetlerimiz i\u00e7in gerekli su kullan\u0131m\u0131n\u0131 s\u00fcrekli azaltmay\u0131 hedefleriz.<\/p>\n<p>Faaliyetlerimizden kaynaklanan hava ve at\u0131k su emisyonlar\u0131m\u0131z\u0131 izler ve azaltmay\u0131 hedefleriz. At\u0131k su kalitesinde ilgili yasal gereklilikleri sa\u011flar\u0131z.<\/p>\n<p>Faaliyet g\u00f6sterdi\u011fimiz t\u00fcm alanlarda do\u011frudan ve dolayl\u0131 biyo\u00e7e\u015fitlili\u011fin korunmas\u0131 i\u00e7in \u00f6zen g\u00f6steririz.<\/p>\n<p>\u00c7evre alan\u0131nda \u00f6l\u00e7\u00fclebilir hedefler belirler, performans\u0131m\u0131z\u0131 bu hedeflere g\u00f6re periyodik olarak de\u011ferlendirerek \u00e7evre y\u00f6netim sistemimizi s\u00fcrekli iyile\u015ftiririz.<\/p>\n<p>\u00c7evre y\u00f6netimi sistemimizin y\u00f6ntem ve hedeflerini belirlerken t\u00fcm \u00e7al\u0131\u015fanlar\u0131m\u0131z, m\u00fc\u015fterilerimiz, i\u015f ortaklar\u0131m\u0131z, yat\u0131r\u0131mc\u0131lar\u0131m\u0131z ve di\u011fer payda\u015flar\u0131m\u0131z ile \u00fcst y\u00f6netimimizin katk\u0131lar\u0131n\u0131 al\u0131r\u0131z.<\/p>\n<p>Kurulu\u015fumuz genelinde \u00e7evre bilincini geli\u015ftirmeyi, yayg\u0131nla\u015ft\u0131rmay\u0131 ve s\u00fcrd\u00fcrmeyi hedefleriz.<\/p>\n<p>Ba\u015fta \u00e7al\u0131\u015fanlar, tedarik\u00e7iler ve i\u015f ortaklar\u0131 olmak \u00fczere t\u00fcm i\u015f a\u011f\u0131m\u0131z\u0131 \u00e7evre alan\u0131nda sorumlu faaliyetler s\u00fcrd\u00fcrmeleri y\u00f6n\u00fcnde te\u015fvik ederiz.<\/p>\n<p>\u00d6nemli \u00e7evre boyutuna sahip \u00fcr\u00fcn-hizmet al\u0131mlar\u0131m\u0131zda ya\u015fam d\u00f6ng\u00fcs\u00fc ilkesiyle uyumlu olarak gerekli \u00e7evre \u015fartlar\u0131n\u0131 belirler ve tedarik\u00e7ilerimiz ile payla\u015f\u0131r\u0131z. Bu sayede, tedarik\u00e7ilerimizin \u00e7evre performanslar\u0131n\u0131n iyile\u015fmesine katk\u0131 sa\u011flar\u0131z.<\/p>\n<p>METAL sekt\u00f6r\u00fcn\u00fcn t\u00fcm payda\u015flar\u0131nda \u00e7evre bilincinin geli\u015ftirilmesi amac\u0131yla sekt\u00f6rdeki konumumuzun verdi\u011fi sorumluluk do\u011frultusunda fark\u0131ndal\u0131k \u00e7al\u0131\u015fmalar\u0131 yapar, bu alanda sekt\u00f6re liderlik etmeyi hedefleriz.<\/p>\n<p>T\u00fcm \u00e7al\u0131\u015fmalar\u0131m\u0131zda ISO 14001 \u00c7evre Y\u00f6netim Sistemi Standard\u0131 temel yol g\u00f6stericidir.<\/p>\n<p>\u00c7evre Y\u00f6netim Sistemi \u00e7er\u00e7evesinde \u00e7evre politikam\u0131z\u0131n izlenmesi ve denetlenmesini sa\u011flar\u0131z.<\/p>\n<p><strong>HAN Al\u00fcminyum<\/strong> b\u00fcnyesindeki S\u00fcrd\u00fcr\u00fclebilirlik Komitesi d\u00fczenli aral\u0131klar ile toplanarak \u00c7evre Politikas\u0131 ve \u00e7evre performans\u0131n\u0131 g\u00f6zden ge\u00e7irerek kararlar al\u0131r ve Y\u00f6netim Kurulu\u2019na raporlama yapar.<\/p>\n<p>\u00c7evre Politikas\u0131\u2019n\u0131n olu\u015fturulmas\u0131nda ve g\u00fcncellenmesinde \u00e7evre alan\u0131nda belirledi\u011fimiz \u00f6ncelikli konulardan yararlan\u0131r\u0131z.<\/p>\n","protected":false},"excerpt":{"rendered":"<p>HAN Al\u00fcminyum olarak, t\u00fcm faaliyetlerimizi a\u015fa\u011f\u0131daki temel ilkelere g\u00f6re ger\u00e7ekle\u015ftiririz: \u00c7evre ile ilgili t\u00fcm yasal ve di\u011fer uygunluk y\u00fck\u00fcml\u00fcl\u00fcklerimizi yerine getiririz. Faaliyetlerimizi ger\u00e7ekle\u015ftirirken s\u00fcrd\u00fcr\u00fclebilir kalk\u0131nma ve kirlili\u011fin kayna\u011f\u0131nda \u00f6nlenmesi ilkelerini benimseriz. Faaliyetlerimiz sonucu olu\u015fan at\u0131klar\u0131 m\u00fcmk\u00fcn oldu\u011fu kadar kayna\u011f\u0131nda azaltarak; at\u0131klar\u0131n do\u011faya zarar vermeyecek \u015fekilde geri d\u00f6n\u00fc\u015f\u00fcm\u00fcn\u00fc, geri kazan\u0131m\u0131n\u0131 ve bertaraf\u0131n\u0131 sa\u011flar\u0131z. En \u00f6nemli do\u011fal [&hellip;]<\/p>\n","protected":false},"author":1,"featured_media":0,"parent":0,"menu_order":0,"comment_status":"closed","ping_status":"closed","template":"","meta":{"iawp_total_views":4,"footnotes":""},"class_list":["post-640","page","type-page","status-publish","hentry"],"yoast_head":"<!-- This site is optimized with the Yoast SEO plugin v26.3 - https:\/\/yoast.com\/wordpress\/plugins\/seo\/ -->\n<title>\u00c7evre Politikam\u0131z - HAN Al\u00fcminyum<\/title>\n<meta name=\"robots\" content=\"index, follow, max-snippet:-1, max-image-preview:large, max-video-preview:-1\" \/>\n<link rel=\"canonical\" href=\"https:\/\/hanaluminyum.com.tr\/?page_id=640\" \/>\n<meta property=\"og:locale\" content=\"tr_TR\" \/>\n<meta property=\"og:type\" content=\"article\" \/>\n<meta property=\"og:title\" content=\"\u00c7evre Politikam\u0131z - HAN Al\u00fcminyum\" \/>\n<meta property=\"og:description\" content=\"HAN Al\u00fcminyum olarak, t\u00fcm faaliyetlerimizi a\u015fa\u011f\u0131daki temel ilkelere g\u00f6re ger\u00e7ekle\u015ftiririz: \u00c7evre ile ilgili t\u00fcm yasal ve di\u011fer uygunluk y\u00fck\u00fcml\u00fcl\u00fcklerimizi yerine getiririz. Faaliyetlerimizi ger\u00e7ekle\u015ftirirken s\u00fcrd\u00fcr\u00fclebilir kalk\u0131nma ve kirlili\u011fin kayna\u011f\u0131nda \u00f6nlenmesi ilkelerini benimseriz. Faaliyetlerimiz sonucu olu\u015fan at\u0131klar\u0131 m\u00fcmk\u00fcn oldu\u011fu kadar kayna\u011f\u0131nda azaltarak; at\u0131klar\u0131n do\u011faya zarar vermeyecek \u015fekilde geri d\u00f6n\u00fc\u015f\u00fcm\u00fcn\u00fc, geri kazan\u0131m\u0131n\u0131 ve bertaraf\u0131n\u0131 sa\u011flar\u0131z. En \u00f6nemli do\u011fal [&hellip;]\" \/>\n<meta property=\"og:url\" content=\"https:\/\/hanaluminyum.com.tr\/?page_id=640\" \/>\n<meta property=\"og:site_name\" content=\"HAN Al\u00fcminyum\" \/>\n<meta property=\"article:publisher\" content=\"https:\/\/www.facebook.com\/profile.php?id=61551691815223\" \/>\n<meta property=\"article:modified_time\" content=\"2023-10-03T12:27:21+00:00\" \/>\n<meta name=\"twitter:card\" content=\"summary_large_image\" \/>\n<meta name=\"twitter:label1\" content=\"Tahmini okuma s\u00fcresi\" \/>\n\t<meta name=\"twitter:data1\" content=\"2 dakika\" \/>\n<script type=\"application\/ld+json\" class=\"yoast-schema-graph\">{\"@context\":\"https:\/\/schema.org\",\"@graph\":[{\"@type\":\"WebPage\",\"@id\":\"https:\/\/hanaluminyum.com.tr\/?page_id=640\",\"url\":\"https:\/\/hanaluminyum.com.tr\/?page_id=640\",\"name\":\"\u00c7evre Politikam\u0131z - HAN Al\u00fcminyum\",\"isPartOf\":{\"@id\":\"https:\/\/hanaluminyum.com.tr\/#website\"},\"datePublished\":\"2023-10-03T12:24:27+00:00\",\"dateModified\":\"2023-10-03T12:27:21+00:00\",\"breadcrumb\":{\"@id\":\"https:\/\/hanaluminyum.com.tr\/?page_id=640#breadcrumb\"},\"inLanguage\":\"tr\",\"potentialAction\":[{\"@type\":\"ReadAction\",\"target\":[\"https:\/\/hanaluminyum.com.tr\/?page_id=640\"]}]},{\"@type\":\"BreadcrumbList\",\"@id\":\"https:\/\/hanaluminyum.com.tr\/?page_id=640#breadcrumb\",\"itemListElement\":[{\"@type\":\"ListItem\",\"position\":1,\"name\":\"Anasayfa\",\"item\":\"https:\/\/hanaluminyum.com.tr\/\"},{\"@type\":\"ListItem\",\"position\":2,\"name\":\"\u00c7evre Politikam\u0131z\"}]},{\"@type\":\"WebSite\",\"@id\":\"https:\/\/hanaluminyum.com.tr\/#website\",\"url\":\"https:\/\/hanaluminyum.com.tr\/\",\"name\":\"HAN Al\u00fcminyum\",\"description\":\"Ho\u015f Geldiniz,\",\"publisher\":{\"@id\":\"https:\/\/hanaluminyum.com.tr\/#organization\"},\"potentialAction\":[{\"@type\":\"SearchAction\",\"target\":{\"@type\":\"EntryPoint\",\"urlTemplate\":\"https:\/\/hanaluminyum.com.tr\/?s={search_term_string}\"},\"query-input\":{\"@type\":\"PropertyValueSpecification\",\"valueRequired\":true,\"valueName\":\"search_term_string\"}}],\"inLanguage\":\"tr\"},{\"@type\":\"Organization\",\"@id\":\"https:\/\/hanaluminyum.com.tr\/#organization\",\"name\":\"HAN Al\u00fcminyum\",\"url\":\"https:\/\/hanaluminyum.com.tr\/\",\"logo\":{\"@type\":\"ImageObject\",\"inLanguage\":\"tr\",\"@id\":\"https:\/\/hanaluminyum.com.tr\/#\/schema\/logo\/image\/\",\"url\":\"https:\/\/hanaluminyum.com.tr\/wp-content\/uploads\/2023\/10\/han-logo-yeni-1-PhotoRoom111.png\",\"contentUrl\":\"https:\/\/hanaluminyum.com.tr\/wp-content\/uploads\/2023\/10\/han-logo-yeni-1-PhotoRoom111.png\",\"width\":289,\"height\":117,\"caption\":\"HAN Al\u00fcminyum\"},\"image\":{\"@id\":\"https:\/\/hanaluminyum.com.tr\/#\/schema\/logo\/image\/\"},\"sameAs\":[\"https:\/\/www.facebook.com\/profile.php?id=61551691815223\",\"https:\/\/www.linkedin.com\/in\/hanaluminyum\/\",\"https:\/\/www.instagram.com\/hanaluminyum\/\"]}]}<\/script>\n<!-- \/ Yoast SEO plugin. -->","yoast_head_json":{"title":"\u00c7evre Politikam\u0131z - HAN Al\u00fcminyum","robots":{"index":"index","follow":"follow","max-snippet":"max-snippet:-1","max-image-preview":"max-image-preview:large","max-video-preview":"max-video-preview:-1"},"canonical":"https:\/\/hanaluminyum.com.tr\/?page_id=640","og_locale":"tr_TR","og_type":"article","og_title":"\u00c7evre Politikam\u0131z - HAN Al\u00fcminyum","og_description":"HAN Al\u00fcminyum olarak, t\u00fcm faaliyetlerimizi a\u015fa\u011f\u0131daki temel ilkelere g\u00f6re ger\u00e7ekle\u015ftiririz: \u00c7evre ile ilgili t\u00fcm yasal ve di\u011fer uygunluk y\u00fck\u00fcml\u00fcl\u00fcklerimizi yerine getiririz. Faaliyetlerimizi ger\u00e7ekle\u015ftirirken s\u00fcrd\u00fcr\u00fclebilir kalk\u0131nma ve kirlili\u011fin kayna\u011f\u0131nda \u00f6nlenmesi ilkelerini benimseriz. Faaliyetlerimiz sonucu olu\u015fan at\u0131klar\u0131 m\u00fcmk\u00fcn oldu\u011fu kadar kayna\u011f\u0131nda azaltarak; at\u0131klar\u0131n do\u011faya zarar vermeyecek \u015fekilde geri d\u00f6n\u00fc\u015f\u00fcm\u00fcn\u00fc, geri kazan\u0131m\u0131n\u0131 ve bertaraf\u0131n\u0131 sa\u011flar\u0131z. En \u00f6nemli do\u011fal [&hellip;]","og_url":"https:\/\/hanaluminyum.com.tr\/?page_id=640","og_site_name":"HAN Al\u00fcminyum","article_publisher":"https:\/\/www.facebook.com\/profile.php?id=61551691815223","article_modified_time":"2023-10-03T12:27:21+00:00","twitter_card":"summary_large_image","twitter_misc":{"Tahmini okuma s\u00fcresi":"2 dakika"},"schema":{"@context":"https:\/\/schema.org","@graph":[{"@type":"WebPage","@id":"https:\/\/hanaluminyum.com.tr\/?page_id=640","url":"https:\/\/hanaluminyum.com.tr\/?page_id=640","name":"\u00c7evre Politikam\u0131z - HAN Al\u00fcminyum","isPartOf":{"@id":"https:\/\/hanaluminyum.com.tr\/#website"},"datePublished":"2023-10-03T12:24:27+00:00","dateModified":"2023-10-03T12:27:21+00:00","breadcrumb":{"@id":"https:\/\/hanaluminyum.com.tr\/?page_id=640#breadcrumb"},"inLanguage":"tr","potentialAction":[{"@type":"ReadAction","target":["https:\/\/hanaluminyum.com.tr\/?page_id=640"]}]},{"@type":"BreadcrumbList","@id":"https:\/\/hanaluminyum.com.tr\/?page_id=640#breadcrumb","itemListElement":[{"@type":"ListItem","position":1,"name":"Anasayfa","item":"https:\/\/hanaluminyum.com.tr\/"},{"@type":"ListItem","position":2,"name":"\u00c7evre Politikam\u0131z"}]},{"@type":"WebSite","@id":"https:\/\/hanaluminyum.com.tr\/#website","url":"https:\/\/hanaluminyum.com.tr\/","name":"HAN Al\u00fcminyum","description":"Ho\u015f Geldiniz,","publisher":{"@id":"https:\/\/hanaluminyum.com.tr\/#organization"},"potentialAction":[{"@type":"SearchAction","target":{"@type":"EntryPoint","urlTemplate":"https:\/\/hanaluminyum.com.tr\/?s={search_term_string}"},"query-input":{"@type":"PropertyValueSpecification","valueRequired":true,"valueName":"search_term_string"}}],"inLanguage":"tr"},{"@type":"Organization","@id":"https:\/\/hanaluminyum.com.tr\/#organization","name":"HAN Al\u00fcminyum","url":"https:\/\/hanaluminyum.com.tr\/","logo":{"@type":"ImageObject","inLanguage":"tr","@id":"https:\/\/hanaluminyum.com.tr\/#\/schema\/logo\/image\/","url":"https:\/\/hanaluminyum.com.tr\/wp-content\/uploads\/2023\/10\/han-logo-yeni-1-PhotoRoom111.png","contentUrl":"https:\/\/hanaluminyum.com.tr\/wp-content\/uploads\/2023\/10\/han-logo-yeni-1-PhotoRoom111.png","width":289,"height":117,"caption":"HAN Al\u00fcminyum"},"image":{"@id":"https:\/\/hanaluminyum.com.tr\/#\/schema\/logo\/image\/"},"sameAs":["https:\/\/www.facebook.com\/profile.php?id=61551691815223","https:\/\/www.linkedin.com\/in\/hanaluminyum\/","https:\/\/www.instagram.com\/hanaluminyum\/"]}]}},"_links":{"self":[{"href":"https:\/\/hanaluminyum.com.tr\/index.php?rest_route=\/wp\/v2\/pages\/640","targetHints":{"allow":["GET"]}}],"collection":[{"href":"https:\/\/hanaluminyum.com.tr\/index.php?rest_route=\/wp\/v2\/pages"}],"about":[{"href":"https:\/\/hanaluminyum.com.tr\/index.php?rest_route=\/wp\/v2\/types\/page"}],"author":[{"embeddable":true,"href":"https:\/\/hanaluminyum.com.tr\/index.php?rest_route=\/wp\/v2\/users\/1"}],"replies":[{"embeddable":true,"href":"https:\/\/hanaluminyum.com.tr\/index.php?rest_route=%2Fwp%2Fv2%2Fcomments&post=640"}],"version-history":[{"count":2,"href":"https:\/\/hanaluminyum.com.tr\/index.php?rest_route=\/wp\/v2\/pages\/640\/revisions"}],"predecessor-version":[{"id":644,"href":"https:\/\/hanaluminyum.com.tr\/index.php?rest_route=\/wp\/v2\/pages\/640\/revisions\/644"}],"wp:attachment":[{"href":"https:\/\/hanaluminyum.com.tr\/index.php?rest_route=%2Fwp%2Fv2%2Fmedia&parent=640"}],"curies":[{"name":"wp","href":"https:\/\/api.w.org\/{rel}","templated":true}]}}