{"id":635,"date":"2023-10-03T15:20:55","date_gmt":"2023-10-03T12:20:55","guid":{"rendered":"https:\/\/hanaluminyum.com.tr\/?page_id=635"},"modified":"2023-10-03T15:21:49","modified_gmt":"2023-10-03T12:21:49","slug":"kalite-politikamiz","status":"publish","type":"page","link":"https:\/\/hanaluminyum.com.tr\/?page_id=635","title":{"rendered":"Kalite Politikam\u0131z"},"content":{"rendered":"<p>Amac\u0131m\u0131z i\u015fimizde m\u00fckemmelli\u011fi hedefleyerek, m\u00fc\u015fterilerimizin beklentilerini a\u015fan, g\u00fcvenilir ve dayan\u0131kl\u0131 \u00fcr\u00fcnler \u00fcretmektir. Bu ama\u00e7ta yetkinlik, \u00fcr\u00fcn ve s\u00fcre\u00e7lerimizi, i\u015fimiz ile ilgili uluslararas\u0131 standartlar\u0131 uygulayarak ve takip ederek kalite y\u00f6netim sistemimizi s\u00fcrekli iyile\u015ftiriyoruz.<\/p>\n<p>S\u00fcrekli yapt\u0131\u011f\u0131m\u0131z teknolojik yat\u0131r\u0131mlarla, \u00fcretim verimlili\u011fimizi ve rekabet g\u00fcc\u00fcm\u00fcz\u00fc her ge\u00e7en g\u00fcn art\u0131r\u0131yor ve kaynaklar\u0131m\u0131z\u0131 daha verimli kullan\u0131yoruz. Bunun i\u00e7in en k\u00fc\u00e7\u00fck uygunsuzluklar\u0131 bile \u00f6nemle ele al\u0131yor, s\u00fcre\u00e7lerimizi verilerle izliyor, m\u00fc\u015fterilerimizin memnuniyetinin kal\u0131c\u0131 olmas\u0131 i\u00e7in, m\u00fc\u015fterilerimizin de\u011fi\u015fen beklentilerini de\u011ferlendirerek \u00fcst y\u00f6netimden en alt d\u00fczey personele kadar h\u0131zl\u0131ca yay\u0131l\u0131m\u0131n\u0131 sa\u011fl\u0131yoruz.<\/p>\n<p>Mutlu \u00e7al\u0131\u015fanlarla dolu, g\u00fcvenli ve emniyetli bir i\u015f ortam\u0131 yaratmay\u0131 \u00e7ok \u00f6nemsiyoruz. Organizasyonumuza mensup herkesin daha yetkin, daha bilgili ve becerilerini en \u00fcst seviyede kullanabilen bireyler olabilmeleri i\u00e7in s\u00fcrekli e\u011fitim f\u0131rsatlar\u0131 yarat\u0131yor ve te\u015fvik ediyoruz. Yenilik\u00e7i ve yarat\u0131c\u0131 fikirleri cesaretlendiriyoruz.<\/p>\n<p>Hedefledi\u011fimiz ba\u015far\u0131y\u0131, i\u00e7 ve d\u0131\u015f hususlar ile payda\u015flar\u0131m\u0131z, m\u00fc\u015fterilerimiz ve tedarik\u00e7ilerimizle bir b\u00fct\u00fcnl\u00fck i\u00e7inde, uzun soluklu stratejik i\u015f ortakl\u0131klar\u0131 ile geli\u015ftirebilece\u011fimiz bilinci ile hareket ediyoruz.<\/p>\n<p>HAN Al\u00fcminyum kalite hedeflerine ula\u015fman\u0131n anahtar\u0131 olarak t\u00fcm bu ilkeler do\u011frultusunda, yasalar ve mevzuatlarla uyum i\u00e7erisinde, sorumluluklar\u0131m\u0131z\u0131n gereklerini yerine getirerek, \u2018S\u00dcREKL\u0130 GEL\u0130\u015eME\u2019 \u00e7abas\u0131 i\u00e7inde olaca\u011f\u0131m\u0131z\u0131, t\u00fcm payda\u015flar\u0131m\u0131za, m\u00fc\u015fterilerimize, tedarik\u00e7ilerimize ve \u00e7al\u0131\u015fanlar\u0131m\u0131za taahh\u00fct ederiz.<\/p>\n","protected":false},"excerpt":{"rendered":"<p>Amac\u0131m\u0131z i\u015fimizde m\u00fckemmelli\u011fi hedefleyerek, m\u00fc\u015fterilerimizin beklentilerini a\u015fan, g\u00fcvenilir ve dayan\u0131kl\u0131 \u00fcr\u00fcnler \u00fcretmektir. Bu ama\u00e7ta yetkinlik, \u00fcr\u00fcn ve s\u00fcre\u00e7lerimizi, i\u015fimiz ile ilgili uluslararas\u0131 standartlar\u0131 uygulayarak ve takip ederek kalite y\u00f6netim sistemimizi s\u00fcrekli iyile\u015ftiriyoruz. S\u00fcrekli yapt\u0131\u011f\u0131m\u0131z teknolojik yat\u0131r\u0131mlarla, \u00fcretim verimlili\u011fimizi ve rekabet g\u00fcc\u00fcm\u00fcz\u00fc her ge\u00e7en g\u00fcn art\u0131r\u0131yor ve kaynaklar\u0131m\u0131z\u0131 daha verimli kullan\u0131yoruz. Bunun i\u00e7in en k\u00fc\u00e7\u00fck uygunsuzluklar\u0131 [&hellip;]<\/p>\n","protected":false},"author":1,"featured_media":0,"parent":0,"menu_order":0,"comment_status":"closed","ping_status":"closed","template":"","meta":{"iawp_total_views":7,"footnotes":""},"class_list":["post-635","page","type-page","status-publish","hentry"],"yoast_head":"<!-- This site is optimized with the Yoast SEO plugin v26.3 - https:\/\/yoast.com\/wordpress\/plugins\/seo\/ -->\n<title>Kalite Politikam\u0131z - HAN Al\u00fcminyum<\/title>\n<meta name=\"robots\" content=\"index, follow, max-snippet:-1, max-image-preview:large, max-video-preview:-1\" \/>\n<link rel=\"canonical\" href=\"https:\/\/hanaluminyum.com.tr\/?page_id=635\" \/>\n<meta property=\"og:locale\" content=\"tr_TR\" \/>\n<meta property=\"og:type\" content=\"article\" \/>\n<meta property=\"og:title\" content=\"Kalite Politikam\u0131z - HAN Al\u00fcminyum\" \/>\n<meta property=\"og:description\" content=\"Amac\u0131m\u0131z i\u015fimizde m\u00fckemmelli\u011fi hedefleyerek, m\u00fc\u015fterilerimizin beklentilerini a\u015fan, g\u00fcvenilir ve dayan\u0131kl\u0131 \u00fcr\u00fcnler \u00fcretmektir. Bu ama\u00e7ta yetkinlik, \u00fcr\u00fcn ve s\u00fcre\u00e7lerimizi, i\u015fimiz ile ilgili uluslararas\u0131 standartlar\u0131 uygulayarak ve takip ederek kalite y\u00f6netim sistemimizi s\u00fcrekli iyile\u015ftiriyoruz. S\u00fcrekli yapt\u0131\u011f\u0131m\u0131z teknolojik yat\u0131r\u0131mlarla, \u00fcretim verimlili\u011fimizi ve rekabet g\u00fcc\u00fcm\u00fcz\u00fc her ge\u00e7en g\u00fcn art\u0131r\u0131yor ve kaynaklar\u0131m\u0131z\u0131 daha verimli kullan\u0131yoruz. Bunun i\u00e7in en k\u00fc\u00e7\u00fck uygunsuzluklar\u0131 [&hellip;]\" \/>\n<meta property=\"og:url\" content=\"https:\/\/hanaluminyum.com.tr\/?page_id=635\" \/>\n<meta property=\"og:site_name\" content=\"HAN Al\u00fcminyum\" \/>\n<meta property=\"article:publisher\" content=\"https:\/\/www.facebook.com\/profile.php?id=61551691815223\" \/>\n<meta property=\"article:modified_time\" content=\"2023-10-03T12:21:49+00:00\" \/>\n<meta name=\"twitter:card\" content=\"summary_large_image\" \/>\n<meta name=\"twitter:label1\" content=\"Tahmini okuma s\u00fcresi\" \/>\n\t<meta name=\"twitter:data1\" content=\"2 dakika\" \/>\n<script type=\"application\/ld+json\" class=\"yoast-schema-graph\">{\"@context\":\"https:\/\/schema.org\",\"@graph\":[{\"@type\":\"WebPage\",\"@id\":\"https:\/\/hanaluminyum.com.tr\/?page_id=635\",\"url\":\"https:\/\/hanaluminyum.com.tr\/?page_id=635\",\"name\":\"Kalite Politikam\u0131z - HAN Al\u00fcminyum\",\"isPartOf\":{\"@id\":\"https:\/\/hanaluminyum.com.tr\/#website\"},\"datePublished\":\"2023-10-03T12:20:55+00:00\",\"dateModified\":\"2023-10-03T12:21:49+00:00\",\"breadcrumb\":{\"@id\":\"https:\/\/hanaluminyum.com.tr\/?page_id=635#breadcrumb\"},\"inLanguage\":\"tr\",\"potentialAction\":[{\"@type\":\"ReadAction\",\"target\":[\"https:\/\/hanaluminyum.com.tr\/?page_id=635\"]}]},{\"@type\":\"BreadcrumbList\",\"@id\":\"https:\/\/hanaluminyum.com.tr\/?page_id=635#breadcrumb\",\"itemListElement\":[{\"@type\":\"ListItem\",\"position\":1,\"name\":\"Anasayfa\",\"item\":\"https:\/\/hanaluminyum.com.tr\/\"},{\"@type\":\"ListItem\",\"position\":2,\"name\":\"Kalite Politikam\u0131z\"}]},{\"@type\":\"WebSite\",\"@id\":\"https:\/\/hanaluminyum.com.tr\/#website\",\"url\":\"https:\/\/hanaluminyum.com.tr\/\",\"name\":\"HAN Al\u00fcminyum\",\"description\":\"Ho\u015f Geldiniz,\",\"publisher\":{\"@id\":\"https:\/\/hanaluminyum.com.tr\/#organization\"},\"potentialAction\":[{\"@type\":\"SearchAction\",\"target\":{\"@type\":\"EntryPoint\",\"urlTemplate\":\"https:\/\/hanaluminyum.com.tr\/?s={search_term_string}\"},\"query-input\":{\"@type\":\"PropertyValueSpecification\",\"valueRequired\":true,\"valueName\":\"search_term_string\"}}],\"inLanguage\":\"tr\"},{\"@type\":\"Organization\",\"@id\":\"https:\/\/hanaluminyum.com.tr\/#organization\",\"name\":\"HAN Al\u00fcminyum\",\"url\":\"https:\/\/hanaluminyum.com.tr\/\",\"logo\":{\"@type\":\"ImageObject\",\"inLanguage\":\"tr\",\"@id\":\"https:\/\/hanaluminyum.com.tr\/#\/schema\/logo\/image\/\",\"url\":\"https:\/\/hanaluminyum.com.tr\/wp-content\/uploads\/2023\/10\/han-logo-yeni-1-PhotoRoom111.png\",\"contentUrl\":\"https:\/\/hanaluminyum.com.tr\/wp-content\/uploads\/2023\/10\/han-logo-yeni-1-PhotoRoom111.png\",\"width\":289,\"height\":117,\"caption\":\"HAN Al\u00fcminyum\"},\"image\":{\"@id\":\"https:\/\/hanaluminyum.com.tr\/#\/schema\/logo\/image\/\"},\"sameAs\":[\"https:\/\/www.facebook.com\/profile.php?id=61551691815223\",\"https:\/\/www.linkedin.com\/in\/hanaluminyum\/\",\"https:\/\/www.instagram.com\/hanaluminyum\/\"]}]}<\/script>\n<!-- \/ Yoast SEO plugin. -->","yoast_head_json":{"title":"Kalite Politikam\u0131z - HAN Al\u00fcminyum","robots":{"index":"index","follow":"follow","max-snippet":"max-snippet:-1","max-image-preview":"max-image-preview:large","max-video-preview":"max-video-preview:-1"},"canonical":"https:\/\/hanaluminyum.com.tr\/?page_id=635","og_locale":"tr_TR","og_type":"article","og_title":"Kalite Politikam\u0131z - HAN Al\u00fcminyum","og_description":"Amac\u0131m\u0131z i\u015fimizde m\u00fckemmelli\u011fi hedefleyerek, m\u00fc\u015fterilerimizin beklentilerini a\u015fan, g\u00fcvenilir ve dayan\u0131kl\u0131 \u00fcr\u00fcnler \u00fcretmektir. Bu ama\u00e7ta yetkinlik, \u00fcr\u00fcn ve s\u00fcre\u00e7lerimizi, i\u015fimiz ile ilgili uluslararas\u0131 standartlar\u0131 uygulayarak ve takip ederek kalite y\u00f6netim sistemimizi s\u00fcrekli iyile\u015ftiriyoruz. S\u00fcrekli yapt\u0131\u011f\u0131m\u0131z teknolojik yat\u0131r\u0131mlarla, \u00fcretim verimlili\u011fimizi ve rekabet g\u00fcc\u00fcm\u00fcz\u00fc her ge\u00e7en g\u00fcn art\u0131r\u0131yor ve kaynaklar\u0131m\u0131z\u0131 daha verimli kullan\u0131yoruz. Bunun i\u00e7in en k\u00fc\u00e7\u00fck uygunsuzluklar\u0131 [&hellip;]","og_url":"https:\/\/hanaluminyum.com.tr\/?page_id=635","og_site_name":"HAN Al\u00fcminyum","article_publisher":"https:\/\/www.facebook.com\/profile.php?id=61551691815223","article_modified_time":"2023-10-03T12:21:49+00:00","twitter_card":"summary_large_image","twitter_misc":{"Tahmini okuma s\u00fcresi":"2 dakika"},"schema":{"@context":"https:\/\/schema.org","@graph":[{"@type":"WebPage","@id":"https:\/\/hanaluminyum.com.tr\/?page_id=635","url":"https:\/\/hanaluminyum.com.tr\/?page_id=635","name":"Kalite Politikam\u0131z - HAN Al\u00fcminyum","isPartOf":{"@id":"https:\/\/hanaluminyum.com.tr\/#website"},"datePublished":"2023-10-03T12:20:55+00:00","dateModified":"2023-10-03T12:21:49+00:00","breadcrumb":{"@id":"https:\/\/hanaluminyum.com.tr\/?page_id=635#breadcrumb"},"inLanguage":"tr","potentialAction":[{"@type":"ReadAction","target":["https:\/\/hanaluminyum.com.tr\/?page_id=635"]}]},{"@type":"BreadcrumbList","@id":"https:\/\/hanaluminyum.com.tr\/?page_id=635#breadcrumb","itemListElement":[{"@type":"ListItem","position":1,"name":"Anasayfa","item":"https:\/\/hanaluminyum.com.tr\/"},{"@type":"ListItem","position":2,"name":"Kalite Politikam\u0131z"}]},{"@type":"WebSite","@id":"https:\/\/hanaluminyum.com.tr\/#website","url":"https:\/\/hanaluminyum.com.tr\/","name":"HAN Al\u00fcminyum","description":"Ho\u015f Geldiniz,","publisher":{"@id":"https:\/\/hanaluminyum.com.tr\/#organization"},"potentialAction":[{"@type":"SearchAction","target":{"@type":"EntryPoint","urlTemplate":"https:\/\/hanaluminyum.com.tr\/?s={search_term_string}"},"query-input":{"@type":"PropertyValueSpecification","valueRequired":true,"valueName":"search_term_string"}}],"inLanguage":"tr"},{"@type":"Organization","@id":"https:\/\/hanaluminyum.com.tr\/#organization","name":"HAN Al\u00fcminyum","url":"https:\/\/hanaluminyum.com.tr\/","logo":{"@type":"ImageObject","inLanguage":"tr","@id":"https:\/\/hanaluminyum.com.tr\/#\/schema\/logo\/image\/","url":"https:\/\/hanaluminyum.com.tr\/wp-content\/uploads\/2023\/10\/han-logo-yeni-1-PhotoRoom111.png","contentUrl":"https:\/\/hanaluminyum.com.tr\/wp-content\/uploads\/2023\/10\/han-logo-yeni-1-PhotoRoom111.png","width":289,"height":117,"caption":"HAN Al\u00fcminyum"},"image":{"@id":"https:\/\/hanaluminyum.com.tr\/#\/schema\/logo\/image\/"},"sameAs":["https:\/\/www.facebook.com\/profile.php?id=61551691815223","https:\/\/www.linkedin.com\/in\/hanaluminyum\/","https:\/\/www.instagram.com\/hanaluminyum\/"]}]}},"_links":{"self":[{"href":"https:\/\/hanaluminyum.com.tr\/index.php?rest_route=\/wp\/v2\/pages\/635","targetHints":{"allow":["GET"]}}],"collection":[{"href":"https:\/\/hanaluminyum.com.tr\/index.php?rest_route=\/wp\/v2\/pages"}],"about":[{"href":"https:\/\/hanaluminyum.com.tr\/index.php?rest_route=\/wp\/v2\/types\/page"}],"author":[{"embeddable":true,"href":"https:\/\/hanaluminyum.com.tr\/index.php?rest_route=\/wp\/v2\/users\/1"}],"replies":[{"embeddable":true,"href":"https:\/\/hanaluminyum.com.tr\/index.php?rest_route=%2Fwp%2Fv2%2Fcomments&post=635"}],"version-history":[{"count":2,"href":"https:\/\/hanaluminyum.com.tr\/index.php?rest_route=\/wp\/v2\/pages\/635\/revisions"}],"predecessor-version":[{"id":637,"href":"https:\/\/hanaluminyum.com.tr\/index.php?rest_route=\/wp\/v2\/pages\/635\/revisions\/637"}],"wp:attachment":[{"href":"https:\/\/hanaluminyum.com.tr\/index.php?rest_route=%2Fwp%2Fv2%2Fmedia&parent=635"}],"curies":[{"name":"wp","href":"https:\/\/api.w.org\/{rel}","templated":true}]}}