{"id":303,"date":"2023-07-12T18:05:07","date_gmt":"2021-08-12T15:05:07","guid":{"rendered":"https:\/\/safirdemo.com\/atolye\/iletisim\/"},"modified":"2024-02-13T16:12:58","modified_gmt":"2024-02-13T13:12:58","slug":"iletisim","status":"publish","type":"page","link":"https:\/\/hanaluminyum.com.tr\/?page_id=303","title":{"rendered":"\u0130leti\u015fim"},"content":{"rendered":"","protected":false},"excerpt":{"rendered":"","protected":false},"author":1,"featured_media":0,"parent":0,"menu_order":0,"comment_status":"closed","ping_status":"closed","template":"pages\/page-contact.php","meta":{"iawp_total_views":231,"footnotes":""},"class_list":["post-303","page","type-page","status-publish","hentry"],"yoast_head":"<!-- This site is optimized with the Yoast SEO plugin v26.3 - https:\/\/yoast.com\/wordpress\/plugins\/seo\/ -->\n<title>\u0130leti\u015fim - HAN Al\u00fcminyum<\/title>\n<meta name=\"robots\" content=\"index, follow, max-snippet:-1, max-image-preview:large, max-video-preview:-1\" \/>\n<link rel=\"canonical\" href=\"https:\/\/hanaluminyum.com.tr\/?page_id=303\" \/>\n<meta property=\"og:locale\" content=\"tr_TR\" \/>\n<meta property=\"og:type\" content=\"article\" \/>\n<meta property=\"og:title\" content=\"\u0130leti\u015fim - HAN Al\u00fcminyum\" \/>\n<meta property=\"og:url\" content=\"https:\/\/hanaluminyum.com.tr\/?page_id=303\" \/>\n<meta property=\"og:site_name\" content=\"HAN Al\u00fcminyum\" \/>\n<meta property=\"article:publisher\" content=\"https:\/\/www.facebook.com\/profile.php?id=61551691815223\" \/>\n<meta property=\"article:modified_time\" content=\"2024-02-13T13:12:58+00:00\" \/>\n<meta name=\"twitter:card\" content=\"summary_large_image\" \/>\n<script type=\"application\/ld+json\" class=\"yoast-schema-graph\">{\"@context\":\"https:\/\/schema.org\",\"@graph\":[{\"@type\":\"WebPage\",\"@id\":\"https:\/\/hanaluminyum.com.tr\/?page_id=303\",\"url\":\"https:\/\/hanaluminyum.com.tr\/?page_id=303\",\"name\":\"\u0130leti\u015fim - HAN Al\u00fcminyum\",\"isPartOf\":{\"@id\":\"https:\/\/hanaluminyum.com.tr\/#website\"},\"datePublished\":\"2021-08-12T15:05:07+00:00\",\"dateModified\":\"2024-02-13T13:12:58+00:00\",\"breadcrumb\":{\"@id\":\"https:\/\/hanaluminyum.com.tr\/?page_id=303#breadcrumb\"},\"inLanguage\":\"tr\",\"potentialAction\":[{\"@type\":\"ReadAction\",\"target\":[\"https:\/\/hanaluminyum.com.tr\/?page_id=303\"]}]},{\"@type\":\"BreadcrumbList\",\"@id\":\"https:\/\/hanaluminyum.com.tr\/?page_id=303#breadcrumb\",\"itemListElement\":[{\"@type\":\"ListItem\",\"position\":1,\"name\":\"Anasayfa\",\"item\":\"https:\/\/hanaluminyum.com.tr\/\"},{\"@type\":\"ListItem\",\"position\":2,\"name\":\"\u0130leti\u015fim\"}]},{\"@type\":\"WebSite\",\"@id\":\"https:\/\/hanaluminyum.com.tr\/#website\",\"url\":\"https:\/\/hanaluminyum.com.tr\/\",\"name\":\"HAN Al\u00fcminyum\",\"description\":\"Ho\u015f Geldiniz,\",\"publisher\":{\"@id\":\"https:\/\/hanaluminyum.com.tr\/#organization\"},\"potentialAction\":[{\"@type\":\"SearchAction\",\"target\":{\"@type\":\"EntryPoint\",\"urlTemplate\":\"https:\/\/hanaluminyum.com.tr\/?s={search_term_string}\"},\"query-input\":{\"@type\":\"PropertyValueSpecification\",\"valueRequired\":true,\"valueName\":\"search_term_string\"}}],\"inLanguage\":\"tr\"},{\"@type\":\"Organization\",\"@id\":\"https:\/\/hanaluminyum.com.tr\/#organization\",\"name\":\"HAN Al\u00fcminyum\",\"url\":\"https:\/\/hanaluminyum.com.tr\/\",\"logo\":{\"@type\":\"ImageObject\",\"inLanguage\":\"tr\",\"@id\":\"https:\/\/hanaluminyum.com.tr\/#\/schema\/logo\/image\/\",\"url\":\"https:\/\/hanaluminyum.com.tr\/wp-content\/uploads\/2023\/10\/han-logo-yeni-1-PhotoRoom111.png\",\"contentUrl\":\"https:\/\/hanaluminyum.com.tr\/wp-content\/uploads\/2023\/10\/han-logo-yeni-1-PhotoRoom111.png\",\"width\":289,\"height\":117,\"caption\":\"HAN Al\u00fcminyum\"},\"image\":{\"@id\":\"https:\/\/hanaluminyum.com.tr\/#\/schema\/logo\/image\/\"},\"sameAs\":[\"https:\/\/www.facebook.com\/profile.php?id=61551691815223\",\"https:\/\/www.linkedin.com\/in\/hanaluminyum\/\",\"https:\/\/www.instagram.com\/hanaluminyum\/\"]}]}<\/script>\n<!-- \/ Yoast SEO plugin. -->","yoast_head_json":{"title":"\u0130leti\u015fim - HAN Al\u00fcminyum","robots":{"index":"index","follow":"follow","max-snippet":"max-snippet:-1","max-image-preview":"max-image-preview:large","max-video-preview":"max-video-preview:-1"},"canonical":"https:\/\/hanaluminyum.com.tr\/?page_id=303","og_locale":"tr_TR","og_type":"article","og_title":"\u0130leti\u015fim - HAN Al\u00fcminyum","og_url":"https:\/\/hanaluminyum.com.tr\/?page_id=303","og_site_name":"HAN Al\u00fcminyum","article_publisher":"https:\/\/www.facebook.com\/profile.php?id=61551691815223","article_modified_time":"2024-02-13T13:12:58+00:00","twitter_card":"summary_large_image","schema":{"@context":"https:\/\/schema.org","@graph":[{"@type":"WebPage","@id":"https:\/\/hanaluminyum.com.tr\/?page_id=303","url":"https:\/\/hanaluminyum.com.tr\/?page_id=303","name":"\u0130leti\u015fim - HAN Al\u00fcminyum","isPartOf":{"@id":"https:\/\/hanaluminyum.com.tr\/#website"},"datePublished":"2021-08-12T15:05:07+00:00","dateModified":"2024-02-13T13:12:58+00:00","breadcrumb":{"@id":"https:\/\/hanaluminyum.com.tr\/?page_id=303#breadcrumb"},"inLanguage":"tr","potentialAction":[{"@type":"ReadAction","target":["https:\/\/hanaluminyum.com.tr\/?page_id=303"]}]},{"@type":"BreadcrumbList","@id":"https:\/\/hanaluminyum.com.tr\/?page_id=303#breadcrumb","itemListElement":[{"@type":"ListItem","position":1,"name":"Anasayfa","item":"https:\/\/hanaluminyum.com.tr\/"},{"@type":"ListItem","position":2,"name":"\u0130leti\u015fim"}]},{"@type":"WebSite","@id":"https:\/\/hanaluminyum.com.tr\/#website","url":"https:\/\/hanaluminyum.com.tr\/","name":"HAN Al\u00fcminyum","description":"Ho\u015f Geldiniz,","publisher":{"@id":"https:\/\/hanaluminyum.com.tr\/#organization"},"potentialAction":[{"@type":"SearchAction","target":{"@type":"EntryPoint","urlTemplate":"https:\/\/hanaluminyum.com.tr\/?s={search_term_string}"},"query-input":{"@type":"PropertyValueSpecification","valueRequired":true,"valueName":"search_term_string"}}],"inLanguage":"tr"},{"@type":"Organization","@id":"https:\/\/hanaluminyum.com.tr\/#organization","name":"HAN Al\u00fcminyum","url":"https:\/\/hanaluminyum.com.tr\/","logo":{"@type":"ImageObject","inLanguage":"tr","@id":"https:\/\/hanaluminyum.com.tr\/#\/schema\/logo\/image\/","url":"https:\/\/hanaluminyum.com.tr\/wp-content\/uploads\/2023\/10\/han-logo-yeni-1-PhotoRoom111.png","contentUrl":"https:\/\/hanaluminyum.com.tr\/wp-content\/uploads\/2023\/10\/han-logo-yeni-1-PhotoRoom111.png","width":289,"height":117,"caption":"HAN Al\u00fcminyum"},"image":{"@id":"https:\/\/hanaluminyum.com.tr\/#\/schema\/logo\/image\/"},"sameAs":["https:\/\/www.facebook.com\/profile.php?id=61551691815223","https:\/\/www.linkedin.com\/in\/hanaluminyum\/","https:\/\/www.instagram.com\/hanaluminyum\/"]}]}},"_links":{"self":[{"href":"https:\/\/hanaluminyum.com.tr\/index.php?rest_route=\/wp\/v2\/pages\/303","targetHints":{"allow":["GET"]}}],"collection":[{"href":"https:\/\/hanaluminyum.com.tr\/index.php?rest_route=\/wp\/v2\/pages"}],"about":[{"href":"https:\/\/hanaluminyum.com.tr\/index.php?rest_route=\/wp\/v2\/types\/page"}],"author":[{"embeddable":true,"href":"https:\/\/hanaluminyum.com.tr\/index.php?rest_route=\/wp\/v2\/users\/1"}],"replies":[{"embeddable":true,"href":"https:\/\/hanaluminyum.com.tr\/index.php?rest_route=%2Fwp%2Fv2%2Fcomments&post=303"}],"version-history":[{"count":1,"href":"https:\/\/hanaluminyum.com.tr\/index.php?rest_route=\/wp\/v2\/pages\/303\/revisions"}],"predecessor-version":[{"id":471,"href":"https:\/\/hanaluminyum.com.tr\/index.php?rest_route=\/wp\/v2\/pages\/303\/revisions\/471"}],"wp:attachment":[{"href":"https:\/\/hanaluminyum.com.tr\/index.php?rest_route=%2Fwp%2Fv2%2Fmedia&parent=303"}],"curies":[{"name":"wp","href":"https:\/\/api.w.org\/{rel}","templated":true}]}}